{"id":98,"date":"2025-06-24T10:07:32","date_gmt":"2025-06-24T10:07:32","guid":{"rendered":"https:\/\/www.thewedgifts.com\/?page_id=98"},"modified":"2025-10-02T00:43:56","modified_gmt":"2025-10-02T00:43:56","slug":"bize-ulasin","status":"publish","type":"page","link":"https:\/\/www.thewedgifts.com\/?page_id=98","title":{"rendered":"Bize Ula\u015f\u0131n"},"content":{"rendered":"<h4 style=\"text-align: center;\"><span style=\"color: #808080;\">Bize Ula\u015f\u0131n<\/span><\/h4>\n<h6 style=\"text-align: center;\">Misafirlerinize zarif bir hediye sunun:\nSipari\u015finiz ve sorular\u0131n\u0131z i\u00e7in bizimle do\u011frudan ileti\u015fime ge\u00e7ebilirsiniz.<\/h6>\n<p style=\"text-align: center;\"><!-- \/wp:post-content --><\/p>\n<p style=\"text-align: center;\"><!-- wp:uagb\/google-map {\"block_id\":\"e38f7374\",\"address\":\"Fenerbah\u00e7e Kad\u0131k\u00f6y\"} \/--><\/p>\n<p style=\"text-align: center;\"><!-- wp:paragraph --><\/p>\n<p style=\"text-align: center;\"><!-- \/wp:paragraph --><\/p>\n\n<h6 style=\"text-align: center;\">E-Posta ile ula\u015f\u0131n: <a href=\"mailto:tnvardar@gmail.com\"><u>tnvardar@gmail.com<\/u><\/a><\/h6>\n<h6 style=\"text-align: center;\">Whatsapp | Bizi aray\u0131n: <u>+905416464000<\/u><\/h6>\n<h6 style=\"text-align: center;\">with love.<\/h6>","protected":false},"excerpt":{"rendered":"<p>Bize Ula\u015f\u0131n Misafirlerinize zarif bir hediye sunun: Sipari\u015finiz ve sorular\u0131n\u0131z i\u00e7in bizimle do\u011frudan ileti\u015fime ge\u00e7ebilirsiniz. E-Posta ile ula\u015f\u0131n: tnvardar@gmail.com Whatsapp | Bizi aray\u0131n: +905416464000 with love.<\/p>\n","protected":false},"author":1,"featured_media":0,"parent":0,"menu_order":0,"comment_status":"closed","ping_status":"closed","template":"","meta":{"_uag_custom_page_level_css":"","footnotes":""},"class_list":["post-98","page","type-page","status-publish","hentry"],"yoast_head":"<!-- This site is optimized with the Yoast SEO plugin v25.3.1 - https:\/\/yoast.com\/wordpress\/plugins\/seo\/ -->\n<title>Bize Ula\u015f\u0131n - The Wed Gifts<\/title>\n<meta name=\"description\" content=\"Kurumsal organizasyon ve \u00f6zel g\u00fcnlerinizde kullan\u0131\u015fl\u0131 ve zarif bir hediye alternatifi sunmak i\u00e7in ileti\u015fime ge\u00e7in.\" \/>\n<meta name=\"robots\" content=\"index, follow, max-snippet:-1, max-image-preview:large, max-video-preview:-1\" \/>\n<link rel=\"canonical\" href=\"https:\/\/www.thewedgifts.com\/?page_id=98\" \/>\n<meta property=\"og:locale\" content=\"tr_TR\" \/>\n<meta property=\"og:type\" content=\"article\" \/>\n<meta property=\"og:title\" content=\"Bize Ula\u015f\u0131n - The Wed Gifts\" \/>\n<meta property=\"og:description\" content=\"Kurumsal organizasyon ve \u00f6zel g\u00fcnlerinizde kullan\u0131\u015fl\u0131 ve zarif bir hediye alternatifi sunmak i\u00e7in ileti\u015fime ge\u00e7in.\" \/>\n<meta property=\"og:url\" content=\"https:\/\/www.thewedgifts.com\/?page_id=98\" \/>\n<meta property=\"og:site_name\" content=\"The Wed Gifts\" \/>\n<meta property=\"article:publisher\" content=\"https:\/\/www.instagram.com\/thewedgifts\/\" \/>\n<meta property=\"article:modified_time\" content=\"2025-10-02T00:43:56+00:00\" \/>\n<meta property=\"og:image\" content=\"https:\/\/www.thewedgifts.com\/wp-content\/uploads\/2025\/06\/bize_ulasin_the_wed_gifts.jpeg\" \/>\n\t<meta property=\"og:image:width\" content=\"1280\" \/>\n\t<meta property=\"og:image:height\" content=\"901\" \/>\n\t<meta property=\"og:image:type\" content=\"image\/jpeg\" \/>\n<meta name=\"twitter:card\" content=\"summary_large_image\" \/>\n<meta name=\"twitter:label1\" content=\"Tahmini okuma s\u00fcresi\" \/>\n\t<meta name=\"twitter:data1\" content=\"1 dakika\" \/>\n<script type=\"application\/ld+json\" class=\"yoast-schema-graph\">{\"@context\":\"https:\/\/schema.org\",\"@graph\":[{\"@type\":\"WebPage\",\"@id\":\"https:\/\/www.thewedgifts.com\/?page_id=98\",\"url\":\"https:\/\/www.thewedgifts.com\/?page_id=98\",\"name\":\"Bize Ula\u015f\u0131n - The Wed Gifts\",\"isPartOf\":{\"@id\":\"https:\/\/www.thewedgifts.com\/#website\"},\"datePublished\":\"2025-06-24T10:07:32+00:00\",\"dateModified\":\"2025-10-02T00:43:56+00:00\",\"description\":\"Kurumsal organizasyon ve \u00f6zel g\u00fcnlerinizde kullan\u0131\u015fl\u0131 ve zarif bir hediye alternatifi sunmak i\u00e7in ileti\u015fime ge\u00e7in.\",\"breadcrumb\":{\"@id\":\"https:\/\/www.thewedgifts.com\/?page_id=98#breadcrumb\"},\"inLanguage\":\"tr\",\"potentialAction\":[{\"@type\":\"ReadAction\",\"target\":[\"https:\/\/www.thewedgifts.com\/?page_id=98\"]}]},{\"@type\":\"BreadcrumbList\",\"@id\":\"https:\/\/www.thewedgifts.com\/?page_id=98#breadcrumb\",\"itemListElement\":[{\"@type\":\"ListItem\",\"position\":1,\"name\":\"Anasayfa\",\"item\":\"https:\/\/www.thewedgifts.com\/\"},{\"@type\":\"ListItem\",\"position\":2,\"name\":\"Bize Ula\u015f\u0131n\"}]},{\"@type\":\"WebSite\",\"@id\":\"https:\/\/www.thewedgifts.com\/#website\",\"url\":\"https:\/\/www.thewedgifts.com\/\",\"name\":\"thewedgifts\",\"description\":\"\u00d6zel Tasar\u0131m Seramik Bardak Altl\u0131\u011f\u0131 | since 2024 with love\",\"publisher\":{\"@id\":\"https:\/\/www.thewedgifts.com\/#organization\"},\"potentialAction\":[{\"@type\":\"SearchAction\",\"target\":{\"@type\":\"EntryPoint\",\"urlTemplate\":\"https:\/\/www.thewedgifts.com\/?s={search_term_string}\"},\"query-input\":{\"@type\":\"PropertyValueSpecification\",\"valueRequired\":true,\"valueName\":\"search_term_string\"}}],\"inLanguage\":\"tr\"},{\"@type\":\"Organization\",\"@id\":\"https:\/\/www.thewedgifts.com\/#organization\",\"name\":\"thewedgifts\",\"url\":\"https:\/\/www.thewedgifts.com\/\",\"logo\":{\"@type\":\"ImageObject\",\"inLanguage\":\"tr\",\"@id\":\"https:\/\/www.thewedgifts.com\/#\/schema\/logo\/image\/\",\"url\":\"https:\/\/www.thewedgifts.com\/wp-content\/uploads\/2025\/06\/cropped-thewedgifts_logo.png\",\"contentUrl\":\"https:\/\/www.thewedgifts.com\/wp-content\/uploads\/2025\/06\/cropped-thewedgifts_logo.png\",\"width\":865,\"height\":790,\"caption\":\"thewedgifts\"},\"image\":{\"@id\":\"https:\/\/www.thewedgifts.com\/#\/schema\/logo\/image\/\"},\"sameAs\":[\"https:\/\/www.instagram.com\/thewedgifts\/\"]}]}<\/script>\n<!-- \/ Yoast SEO plugin. -->","yoast_head_json":{"title":"Bize Ula\u015f\u0131n - The Wed Gifts","description":"Kurumsal organizasyon ve \u00f6zel g\u00fcnlerinizde kullan\u0131\u015fl\u0131 ve zarif bir hediye alternatifi sunmak i\u00e7in ileti\u015fime ge\u00e7in.","robots":{"index":"index","follow":"follow","max-snippet":"max-snippet:-1","max-image-preview":"max-image-preview:large","max-video-preview":"max-video-preview:-1"},"canonical":"https:\/\/www.thewedgifts.com\/?page_id=98","og_locale":"tr_TR","og_type":"article","og_title":"Bize Ula\u015f\u0131n - The Wed Gifts","og_description":"Kurumsal organizasyon ve \u00f6zel g\u00fcnlerinizde kullan\u0131\u015fl\u0131 ve zarif bir hediye alternatifi sunmak i\u00e7in ileti\u015fime ge\u00e7in.","og_url":"https:\/\/www.thewedgifts.com\/?page_id=98","og_site_name":"The Wed Gifts","article_publisher":"https:\/\/www.instagram.com\/thewedgifts\/","article_modified_time":"2025-10-02T00:43:56+00:00","og_image":[{"width":1280,"height":901,"url":"https:\/\/www.thewedgifts.com\/wp-content\/uploads\/2025\/06\/bize_ulasin_the_wed_gifts.jpeg","type":"image\/jpeg"}],"twitter_card":"summary_large_image","twitter_misc":{"Tahmini okuma s\u00fcresi":"1 dakika"},"schema":{"@context":"https:\/\/schema.org","@graph":[{"@type":"WebPage","@id":"https:\/\/www.thewedgifts.com\/?page_id=98","url":"https:\/\/www.thewedgifts.com\/?page_id=98","name":"Bize Ula\u015f\u0131n - The Wed Gifts","isPartOf":{"@id":"https:\/\/www.thewedgifts.com\/#website"},"datePublished":"2025-06-24T10:07:32+00:00","dateModified":"2025-10-02T00:43:56+00:00","description":"Kurumsal organizasyon ve \u00f6zel g\u00fcnlerinizde kullan\u0131\u015fl\u0131 ve zarif bir hediye alternatifi sunmak i\u00e7in ileti\u015fime ge\u00e7in.","breadcrumb":{"@id":"https:\/\/www.thewedgifts.com\/?page_id=98#breadcrumb"},"inLanguage":"tr","potentialAction":[{"@type":"ReadAction","target":["https:\/\/www.thewedgifts.com\/?page_id=98"]}]},{"@type":"BreadcrumbList","@id":"https:\/\/www.thewedgifts.com\/?page_id=98#breadcrumb","itemListElement":[{"@type":"ListItem","position":1,"name":"Anasayfa","item":"https:\/\/www.thewedgifts.com\/"},{"@type":"ListItem","position":2,"name":"Bize Ula\u015f\u0131n"}]},{"@type":"WebSite","@id":"https:\/\/www.thewedgifts.com\/#website","url":"https:\/\/www.thewedgifts.com\/","name":"thewedgifts","description":"\u00d6zel Tasar\u0131m Seramik Bardak Altl\u0131\u011f\u0131 | since 2024 with love","publisher":{"@id":"https:\/\/www.thewedgifts.com\/#organization"},"potentialAction":[{"@type":"SearchAction","target":{"@type":"EntryPoint","urlTemplate":"https:\/\/www.thewedgifts.com\/?s={search_term_string}"},"query-input":{"@type":"PropertyValueSpecification","valueRequired":true,"valueName":"search_term_string"}}],"inLanguage":"tr"},{"@type":"Organization","@id":"https:\/\/www.thewedgifts.com\/#organization","name":"thewedgifts","url":"https:\/\/www.thewedgifts.com\/","logo":{"@type":"ImageObject","inLanguage":"tr","@id":"https:\/\/www.thewedgifts.com\/#\/schema\/logo\/image\/","url":"https:\/\/www.thewedgifts.com\/wp-content\/uploads\/2025\/06\/cropped-thewedgifts_logo.png","contentUrl":"https:\/\/www.thewedgifts.com\/wp-content\/uploads\/2025\/06\/cropped-thewedgifts_logo.png","width":865,"height":790,"caption":"thewedgifts"},"image":{"@id":"https:\/\/www.thewedgifts.com\/#\/schema\/logo\/image\/"},"sameAs":["https:\/\/www.instagram.com\/thewedgifts\/"]}]}},"uagb_featured_image_src":{"full":false,"thumbnail":false,"medium":false,"medium_large":false,"large":false,"1536x1536":false,"2048x2048":false},"uagb_author_info":{"display_name":"thewedgifts","author_link":"https:\/\/www.thewedgifts.com\/?author=1"},"uagb_comment_info":0,"uagb_excerpt":"Bize Ula\u015f\u0131n Misafirlerinize zarif bir hediye sunun: Sipari\u015finiz ve sorular\u0131n\u0131z i\u00e7in bizimle do\u011frudan ileti\u015fime ge\u00e7ebilirsiniz. E-Posta ile ula\u015f\u0131n: tnvardar@gmail.com Whatsapp | Bizi aray\u0131n: +905416464000 with love.","_links":{"self":[{"href":"https:\/\/www.thewedgifts.com\/index.php?rest_route=\/wp\/v2\/pages\/98","targetHints":{"allow":["GET"]}}],"collection":[{"href":"https:\/\/www.thewedgifts.com\/index.php?rest_route=\/wp\/v2\/pages"}],"about":[{"href":"https:\/\/www.thewedgifts.com\/index.php?rest_route=\/wp\/v2\/types\/page"}],"author":[{"embeddable":true,"href":"https:\/\/www.thewedgifts.com\/index.php?rest_route=\/wp\/v2\/users\/1"}],"replies":[{"embeddable":true,"href":"https:\/\/www.thewedgifts.com\/index.php?rest_route=%2Fwp%2Fv2%2Fcomments&post=98"}],"version-history":[{"count":30,"href":"https:\/\/www.thewedgifts.com\/index.php?rest_route=\/wp\/v2\/pages\/98\/revisions"}],"predecessor-version":[{"id":338,"href":"https:\/\/www.thewedgifts.com\/index.php?rest_route=\/wp\/v2\/pages\/98\/revisions\/338"}],"wp:attachment":[{"href":"https:\/\/www.thewedgifts.com\/index.php?rest_route=%2Fwp%2Fv2%2Fmedia&parent=98"}],"curies":[{"name":"wp","href":"https:\/\/api.w.org\/{rel}","templated":true}]}}