{"id":59,"date":"2025-06-23T15:44:22","date_gmt":"2025-06-23T15:44:22","guid":{"rendered":"https:\/\/www.thewedgifts.com\/?page_id=59"},"modified":"2025-09-30T07:43:46","modified_gmt":"2025-09-30T07:43:46","slug":"biz-kimiz","status":"publish","type":"page","link":"https:\/\/www.thewedgifts.com\/?page_id=59","title":{"rendered":"Biz Kimiz&#8230;"},"content":{"rendered":"\n<div class=\"wp-block-uagb-info-box uagb-block-a96108bd uagb-infobox__content-wrap  uagb-infobox-icon-above-title uagb-infobox-image-valign-top\"><div class=\"uagb-ifb-content\"><div class=\"uagb-ifb-title-wrap\"><h3 class=\"uagb-ifb-title\"><br>En \u00f6zel anlar\u0131n\u0131zda yan\u0131n\u0131zda:<br>The Wed Gifts<br><\/h3><\/div><p class=\"uagb-ifb-desc\">The Wed&#8217;i 2024 y\u0131l\u0131n\u0131n ba\u015flar\u0131nda \u0130stanbul&#8217;da, \u00f6zel g\u00fcnlerin anlam\u0131n\u0131 derinle\u015ftiren ve kal\u0131c\u0131 k\u0131lan zarif detaylara duydu\u011fumuz inan\u00e7la kurduk.\ud83e\udd79<br><br>Her ayr\u0131nt\u0131s\u0131na \u00f6zen g\u00f6sterdi\u011fimiz tasar\u0131mlar\u0131m\u0131zla, \u00f6zel anlar\u0131n b\u00fcy\u00fcs\u00fcn\u00fc ve duygusunu yans\u0131tan \u00fcr\u00fcnler yaratmay\u0131 ama\u00e7lad\u0131k.<br>\u00d6zellikle seramik bardak altl\u0131klar\u0131m\u0131z, ilk g\u00fcnden itibaren y\u00fczlerce \u00e7iftin \u00f6zel g\u00fcnlerine e\u015flik ederek, bu unutulmaz anlar\u0131n zamans\u0131zla\u015ft\u0131rd\u0131, misafirlerine unutulmaz bir an\u0131 b\u0131rakt\u0131.\ud83e\uddda\u200d\u2642\ufe0f\u2728<br><br>D\u00fc\u011f\u00fcn ve ni\u015fan organizasyonlar\u0131nda masalar\u0131n \u015f\u0131kl\u0131\u011f\u0131n\u0131 tamamlayan, kurumsal davetlere zarafet katan, butik brunch\u2019lar\u0131n samimiyetini art\u0131ran ya da tamamen ki\u015fiye \u00f6zel haz\u0131rlanm\u0131\u015f hediye kutular\u0131n\u0131n i\u00e7inde yer alan tasar\u0131mlar\u0131m\u0131zla, her ortamda fark yaratmay\u0131 \u00e7ok seviyoruz! \ud83e\udea9<br>The Wed Gifts olarak amac\u0131m\u0131z sadece \u00fcr\u00fcn sunmak de\u011fil; hayat\u0131n\u0131z\u0131n en de\u011ferli an\u0131lar\u0131n\u0131 ta\u00e7land\u0131ran, estetik ve kullan\u0131\u015fl\u0131 par\u00e7alarla ak\u0131llarda yer edecek hat\u0131ralar yaratmak.<br><br>Her bir \u00fcr\u00fcn\u00fcm\u00fczde, zarif detaylar\u0131n g\u00fcc\u00fcne inan\u0131yor ve sevgiyle haz\u0131rl\u0131yoruz.<br>\u00d6zel g\u00fcnlerin anlam\u0131n\u0131 katlayan, zamans\u0131z ve \u015f\u0131k tasar\u0131mlar\u0131m\u0131zla yan\u0131n\u0131zda olmaktan gurur duyuyor; misafirlerinize zarif bir an\u0131 b\u0131rakacak size \u00f6zel hediyeli\u011finizi haz\u0131rlamak i\u00e7in sab\u0131rs\u0131zlan\u0131yoruz.<br>\ud83d\udc9b<br>with love.<\/p><\/div><\/div>\n","protected":false},"excerpt":{"rendered":"","protected":false},"author":1,"featured_media":50,"parent":0,"menu_order":0,"comment_status":"closed","ping_status":"closed","template":"","meta":{"_uag_custom_page_level_css":"","footnotes":""},"class_list":["post-59","page","type-page","status-publish","has-post-thumbnail","hentry"],"yoast_head":"<!-- This site is optimized with the Yoast SEO plugin v25.3.1 - https:\/\/yoast.com\/wordpress\/plugins\/seo\/ -->\n<title>Biz Kimiz... - The Wed Gifts<\/title>\n<meta name=\"robots\" content=\"index, follow, max-snippet:-1, max-image-preview:large, max-video-preview:-1\" \/>\n<link rel=\"canonical\" href=\"https:\/\/www.thewedgifts.com\/?page_id=59\" \/>\n<meta property=\"og:locale\" content=\"tr_TR\" \/>\n<meta property=\"og:type\" content=\"article\" \/>\n<meta property=\"og:title\" content=\"Biz Kimiz... - The Wed Gifts\" \/>\n<meta property=\"og:url\" content=\"https:\/\/www.thewedgifts.com\/?page_id=59\" \/>\n<meta property=\"og:site_name\" content=\"The Wed Gifts\" \/>\n<meta property=\"article:publisher\" content=\"https:\/\/www.instagram.com\/thewedgifts\/\" \/>\n<meta property=\"article:modified_time\" content=\"2025-09-30T07:43:46+00:00\" \/>\n<meta property=\"og:image\" content=\"https:\/\/www.thewedgifts.com\/wp-content\/uploads\/2025\/06\/340BF358-189B-41F9-99B2-CBAAF83B0062.jpg\" \/>\n\t<meta property=\"og:image:width\" content=\"1440\" \/>\n\t<meta property=\"og:image:height\" content=\"1440\" \/>\n\t<meta property=\"og:image:type\" content=\"image\/jpeg\" \/>\n<meta name=\"twitter:card\" content=\"summary_large_image\" \/>\n<meta name=\"twitter:label1\" content=\"Tahmini okuma s\u00fcresi\" \/>\n\t<meta name=\"twitter:data1\" content=\"2 dakika\" \/>\n<script type=\"application\/ld+json\" class=\"yoast-schema-graph\">{\"@context\":\"https:\/\/schema.org\",\"@graph\":[{\"@type\":\"WebPage\",\"@id\":\"https:\/\/www.thewedgifts.com\/?page_id=59\",\"url\":\"https:\/\/www.thewedgifts.com\/?page_id=59\",\"name\":\"Biz Kimiz... - The Wed Gifts\",\"isPartOf\":{\"@id\":\"https:\/\/www.thewedgifts.com\/#website\"},\"primaryImageOfPage\":{\"@id\":\"https:\/\/www.thewedgifts.com\/?page_id=59#primaryimage\"},\"image\":{\"@id\":\"https:\/\/www.thewedgifts.com\/?page_id=59#primaryimage\"},\"thumbnailUrl\":\"https:\/\/www.thewedgifts.com\/wp-content\/uploads\/2025\/06\/340BF358-189B-41F9-99B2-CBAAF83B0062.jpg\",\"datePublished\":\"2025-06-23T15:44:22+00:00\",\"dateModified\":\"2025-09-30T07:43:46+00:00\",\"breadcrumb\":{\"@id\":\"https:\/\/www.thewedgifts.com\/?page_id=59#breadcrumb\"},\"inLanguage\":\"tr\",\"potentialAction\":[{\"@type\":\"ReadAction\",\"target\":[\"https:\/\/www.thewedgifts.com\/?page_id=59\"]}]},{\"@type\":\"ImageObject\",\"inLanguage\":\"tr\",\"@id\":\"https:\/\/www.thewedgifts.com\/?page_id=59#primaryimage\",\"url\":\"https:\/\/www.thewedgifts.com\/wp-content\/uploads\/2025\/06\/340BF358-189B-41F9-99B2-CBAAF83B0062.jpg\",\"contentUrl\":\"https:\/\/www.thewedgifts.com\/wp-content\/uploads\/2025\/06\/340BF358-189B-41F9-99B2-CBAAF83B0062.jpg\",\"width\":1440,\"height\":1440,\"caption\":\"thewedgifts\"},{\"@type\":\"BreadcrumbList\",\"@id\":\"https:\/\/www.thewedgifts.com\/?page_id=59#breadcrumb\",\"itemListElement\":[{\"@type\":\"ListItem\",\"position\":1,\"name\":\"Anasayfa\",\"item\":\"https:\/\/www.thewedgifts.com\/\"},{\"@type\":\"ListItem\",\"position\":2,\"name\":\"Biz Kimiz&#8230;\"}]},{\"@type\":\"WebSite\",\"@id\":\"https:\/\/www.thewedgifts.com\/#website\",\"url\":\"https:\/\/www.thewedgifts.com\/\",\"name\":\"thewedgifts\",\"description\":\"\u00d6zel Tasar\u0131m Seramik Bardak Altl\u0131\u011f\u0131 | since 2024 with love\",\"publisher\":{\"@id\":\"https:\/\/www.thewedgifts.com\/#organization\"},\"potentialAction\":[{\"@type\":\"SearchAction\",\"target\":{\"@type\":\"EntryPoint\",\"urlTemplate\":\"https:\/\/www.thewedgifts.com\/?s={search_term_string}\"},\"query-input\":{\"@type\":\"PropertyValueSpecification\",\"valueRequired\":true,\"valueName\":\"search_term_string\"}}],\"inLanguage\":\"tr\"},{\"@type\":\"Organization\",\"@id\":\"https:\/\/www.thewedgifts.com\/#organization\",\"name\":\"thewedgifts\",\"url\":\"https:\/\/www.thewedgifts.com\/\",\"logo\":{\"@type\":\"ImageObject\",\"inLanguage\":\"tr\",\"@id\":\"https:\/\/www.thewedgifts.com\/#\/schema\/logo\/image\/\",\"url\":\"https:\/\/www.thewedgifts.com\/wp-content\/uploads\/2025\/06\/cropped-thewedgifts_logo.png\",\"contentUrl\":\"https:\/\/www.thewedgifts.com\/wp-content\/uploads\/2025\/06\/cropped-thewedgifts_logo.png\",\"width\":865,\"height\":790,\"caption\":\"thewedgifts\"},\"image\":{\"@id\":\"https:\/\/www.thewedgifts.com\/#\/schema\/logo\/image\/\"},\"sameAs\":[\"https:\/\/www.instagram.com\/thewedgifts\/\"]}]}<\/script>\n<!-- \/ Yoast SEO plugin. -->","yoast_head_json":{"title":"Biz Kimiz... - The Wed Gifts","robots":{"index":"index","follow":"follow","max-snippet":"max-snippet:-1","max-image-preview":"max-image-preview:large","max-video-preview":"max-video-preview:-1"},"canonical":"https:\/\/www.thewedgifts.com\/?page_id=59","og_locale":"tr_TR","og_type":"article","og_title":"Biz Kimiz... - The Wed Gifts","og_url":"https:\/\/www.thewedgifts.com\/?page_id=59","og_site_name":"The Wed Gifts","article_publisher":"https:\/\/www.instagram.com\/thewedgifts\/","article_modified_time":"2025-09-30T07:43:46+00:00","og_image":[{"width":1440,"height":1440,"url":"https:\/\/www.thewedgifts.com\/wp-content\/uploads\/2025\/06\/340BF358-189B-41F9-99B2-CBAAF83B0062.jpg","type":"image\/jpeg"}],"twitter_card":"summary_large_image","twitter_misc":{"Tahmini okuma s\u00fcresi":"2 dakika"},"schema":{"@context":"https:\/\/schema.org","@graph":[{"@type":"WebPage","@id":"https:\/\/www.thewedgifts.com\/?page_id=59","url":"https:\/\/www.thewedgifts.com\/?page_id=59","name":"Biz Kimiz... - The Wed Gifts","isPartOf":{"@id":"https:\/\/www.thewedgifts.com\/#website"},"primaryImageOfPage":{"@id":"https:\/\/www.thewedgifts.com\/?page_id=59#primaryimage"},"image":{"@id":"https:\/\/www.thewedgifts.com\/?page_id=59#primaryimage"},"thumbnailUrl":"https:\/\/www.thewedgifts.com\/wp-content\/uploads\/2025\/06\/340BF358-189B-41F9-99B2-CBAAF83B0062.jpg","datePublished":"2025-06-23T15:44:22+00:00","dateModified":"2025-09-30T07:43:46+00:00","breadcrumb":{"@id":"https:\/\/www.thewedgifts.com\/?page_id=59#breadcrumb"},"inLanguage":"tr","potentialAction":[{"@type":"ReadAction","target":["https:\/\/www.thewedgifts.com\/?page_id=59"]}]},{"@type":"ImageObject","inLanguage":"tr","@id":"https:\/\/www.thewedgifts.com\/?page_id=59#primaryimage","url":"https:\/\/www.thewedgifts.com\/wp-content\/uploads\/2025\/06\/340BF358-189B-41F9-99B2-CBAAF83B0062.jpg","contentUrl":"https:\/\/www.thewedgifts.com\/wp-content\/uploads\/2025\/06\/340BF358-189B-41F9-99B2-CBAAF83B0062.jpg","width":1440,"height":1440,"caption":"thewedgifts"},{"@type":"BreadcrumbList","@id":"https:\/\/www.thewedgifts.com\/?page_id=59#breadcrumb","itemListElement":[{"@type":"ListItem","position":1,"name":"Anasayfa","item":"https:\/\/www.thewedgifts.com\/"},{"@type":"ListItem","position":2,"name":"Biz Kimiz&#8230;"}]},{"@type":"WebSite","@id":"https:\/\/www.thewedgifts.com\/#website","url":"https:\/\/www.thewedgifts.com\/","name":"thewedgifts","description":"\u00d6zel Tasar\u0131m Seramik Bardak Altl\u0131\u011f\u0131 | since 2024 with love","publisher":{"@id":"https:\/\/www.thewedgifts.com\/#organization"},"potentialAction":[{"@type":"SearchAction","target":{"@type":"EntryPoint","urlTemplate":"https:\/\/www.thewedgifts.com\/?s={search_term_string}"},"query-input":{"@type":"PropertyValueSpecification","valueRequired":true,"valueName":"search_term_string"}}],"inLanguage":"tr"},{"@type":"Organization","@id":"https:\/\/www.thewedgifts.com\/#organization","name":"thewedgifts","url":"https:\/\/www.thewedgifts.com\/","logo":{"@type":"ImageObject","inLanguage":"tr","@id":"https:\/\/www.thewedgifts.com\/#\/schema\/logo\/image\/","url":"https:\/\/www.thewedgifts.com\/wp-content\/uploads\/2025\/06\/cropped-thewedgifts_logo.png","contentUrl":"https:\/\/www.thewedgifts.com\/wp-content\/uploads\/2025\/06\/cropped-thewedgifts_logo.png","width":865,"height":790,"caption":"thewedgifts"},"image":{"@id":"https:\/\/www.thewedgifts.com\/#\/schema\/logo\/image\/"},"sameAs":["https:\/\/www.instagram.com\/thewedgifts\/"]}]}},"uagb_featured_image_src":{"full":["https:\/\/www.thewedgifts.com\/wp-content\/uploads\/2025\/06\/340BF358-189B-41F9-99B2-CBAAF83B0062.jpg",1440,1440,false],"thumbnail":["https:\/\/www.thewedgifts.com\/wp-content\/uploads\/2025\/06\/340BF358-189B-41F9-99B2-CBAAF83B0062-150x150.jpg",150,150,true],"medium":["https:\/\/www.thewedgifts.com\/wp-content\/uploads\/2025\/06\/340BF358-189B-41F9-99B2-CBAAF83B0062-300x300.jpg",300,300,true],"medium_large":["https:\/\/www.thewedgifts.com\/wp-content\/uploads\/2025\/06\/340BF358-189B-41F9-99B2-CBAAF83B0062-768x768.jpg",768,768,true],"large":["https:\/\/www.thewedgifts.com\/wp-content\/uploads\/2025\/06\/340BF358-189B-41F9-99B2-CBAAF83B0062-1024x1024.jpg",1024,1024,true],"1536x1536":["https:\/\/www.thewedgifts.com\/wp-content\/uploads\/2025\/06\/340BF358-189B-41F9-99B2-CBAAF83B0062.jpg",1440,1440,false],"2048x2048":["https:\/\/www.thewedgifts.com\/wp-content\/uploads\/2025\/06\/340BF358-189B-41F9-99B2-CBAAF83B0062.jpg",1440,1440,false]},"uagb_author_info":{"display_name":"thewedgifts","author_link":"https:\/\/www.thewedgifts.com\/?author=1"},"uagb_comment_info":0,"uagb_excerpt":null,"_links":{"self":[{"href":"https:\/\/www.thewedgifts.com\/index.php?rest_route=\/wp\/v2\/pages\/59","targetHints":{"allow":["GET"]}}],"collection":[{"href":"https:\/\/www.thewedgifts.com\/index.php?rest_route=\/wp\/v2\/pages"}],"about":[{"href":"https:\/\/www.thewedgifts.com\/index.php?rest_route=\/wp\/v2\/types\/page"}],"author":[{"embeddable":true,"href":"https:\/\/www.thewedgifts.com\/index.php?rest_route=\/wp\/v2\/users\/1"}],"replies":[{"embeddable":true,"href":"https:\/\/www.thewedgifts.com\/index.php?rest_route=%2Fwp%2Fv2%2Fcomments&post=59"}],"version-history":[{"count":5,"href":"https:\/\/www.thewedgifts.com\/index.php?rest_route=\/wp\/v2\/pages\/59\/revisions"}],"predecessor-version":[{"id":333,"href":"https:\/\/www.thewedgifts.com\/index.php?rest_route=\/wp\/v2\/pages\/59\/revisions\/333"}],"wp:featuredmedia":[{"embeddable":true,"href":"https:\/\/www.thewedgifts.com\/index.php?rest_route=\/wp\/v2\/media\/50"}],"wp:attachment":[{"href":"https:\/\/www.thewedgifts.com\/index.php?rest_route=%2Fwp%2Fv2%2Fmedia&parent=59"}],"curies":[{"name":"wp","href":"https:\/\/api.w.org\/{rel}","templated":true}]}}